{"id":4037,"date":"2025-07-13T19:33:08","date_gmt":"2025-07-13T19:33:08","guid":{"rendered":"https:\/\/elisagratias.com\/propuesta\/?page_id=4037"},"modified":"2025-07-18T14:59:31","modified_gmt":"2025-07-18T14:59:31","slug":"accesibilidad","status":"publish","type":"page","link":"https:\/\/elisagratias.com\/es\/accesibilidad\/","title":{"rendered":"Accesibilidad"},"content":{"rendered":"\n<h1 class=\"wp-block-heading\">Declaraci\u00f3n de Accesibilidad&nbsp;<\/h1>\n\n\n\n<p><strong>Compromiso con la accesibilidad web<\/strong><\/p>\n\n\n\n<p>En\u00a0<strong>********************<\/strong>\u00a0nos comprometemos a hacer accesible nuestro sitio web, en conformidad con la legislaci\u00f3n vigente del\u00a0<strong>Kit Digital<\/strong>. Trabajamos continuamente para asegurar que nuestro sitio web sea accesible para todas las personas, incluidas aquellas con discapacidades. Nuestro objetivo es proporcionar una experiencia digital inclusiva, permitiendo que todos los usuarios, independientemente de sus habilidades o limitaciones, puedan acceder a la informaci\u00f3n y servicios disponibles en nuestro sitio.<\/p>\n\n\n\n<p><strong>Situaci\u00f3n de cumplimiento<\/strong><\/p>\n\n\n\n<p>Este sitio web cumple parcialmente con los est\u00e1ndares de accesibilidad, debido a las excepciones y a la falta de conformidad de algunos aspectos que se indican a continuaci\u00f3n. A pesar de ello, estamos comprometidos a mejorar continuamente la accesibilidad de la web.<\/p>\n\n\n\n<p><strong>Contenido no accesible<\/strong><\/p>\n\n\n\n<p>El contenido que se recoge a continuaci\u00f3n no es accesible por las siguientes razones:<\/p>\n\n\n\n<ul class=\"wp-block-list\">\n<li>Podr\u00edan existir errores de c\u00f3digo puntuales de edici\u00f3n en alguna p\u00e1gina web. (Referido a\u00a0<strong>4.1.1 Procesamiento<\/strong>\u00a0seg\u00fan las directrices WCAG).<\/li>\n<\/ul>\n\n\n\n<p><strong>Preparaci\u00f3n para la declaraci\u00f3n de accesibilidad<\/strong><\/p>\n\n\n\n<p>La presente declaraci\u00f3n fue preparada el&nbsp;<strong>16 de diciembre de 2024<\/strong>. El m\u00e9todo empleado para preparar la declaraci\u00f3n ha sido una&nbsp;<strong>autoevaluaci\u00f3n<\/strong>&nbsp;llevada a cabo por el agente digitalizador.<\/p>\n\n\n\n<p><strong>Caracter\u00edsticas de accesibilidad implementadas<\/strong><\/p>\n\n\n\n<ul class=\"wp-block-list\">\n<li><strong>Contraste de colores<\/strong>: El sitio utiliza colores con suficiente contraste para que el contenido sea legible por personas con discapacidades visuales.<\/li>\n\n\n\n<li><strong>Navegaci\u00f3n por teclado<\/strong>: El sitio es completamente navegable mediante el teclado, sin necesidad de un rat\u00f3n, para aquellos usuarios que no pueden utilizar dispositivos se\u00f1aladores.<\/li>\n\n\n\n<li><strong>Texto alternativo para im\u00e1genes<\/strong>: Todas las im\u00e1genes, gr\u00e1ficos y otros elementos visuales importantes cuentan con descripciones textuales (texto alternativo) que permiten su interpretaci\u00f3n por lectores de pantalla.<\/li>\n\n\n\n<li><strong>Subt\u00edtulos y transcripciones<\/strong>: Las audios y v\u00eddeos, cuando es posible, incluyen subt\u00edtulos y transcripciones para que los contenidos sean accesibles para personas con discapacidad auditiva.<\/li>\n\n\n\n<li><strong>Estructura clara y simple<\/strong>: La navegaci\u00f3n del sitio es intuitiva, con una jerarqu\u00eda clara de encabezados y un dise\u00f1o adaptado para facilitar el acceso a los contenidos.<\/li>\n<\/ul>\n\n\n\n<p><strong>Acceso a contenido multimedia<\/strong><\/p>\n\n\n\n<p>Nos aseguramos de que todos los contenidos multimedia (como videos, audios o im\u00e1genes) sean accesibles, proporcionando subt\u00edtulos, descripciones o alternativas textuales siempre que sea posible.<\/p>\n\n\n\n<p><strong>Observaciones y datos de contacto<\/strong><\/p>\n\n\n\n<p>Puede realizar comunicaciones sobre requisitos de accesibilidad como, por ejemplo:<\/p>\n\n\n\n<ul class=\"wp-block-list\">\n<li>Informar sobre cualquier posible incumplimiento por parte de este sitio web.<\/li>\n\n\n\n<li>Transmitir otras dificultades de acceso al contenido.<\/li>\n\n\n\n<li>Formular cualquier otra consulta o sugerencia de mejora relativa a la accesibilidad del sitio web.<\/li>\n<\/ul>\n\n\n\n<p>Para ello, por favor, contacte con nosotros a trav\u00e9s del&nbsp;<strong>formulario de contacto<\/strong>&nbsp;en nuestro sitio web.<\/p>\n\n\n\n<p><strong>Quejas y solicitudes de informaci\u00f3n accesible<\/strong><\/p>\n\n\n\n<p>Si considera que alguna parte de nuestro sitio web no cumple con los requisitos de accesibilidad, puede presentar una queja mediante la&nbsp;<strong>Solicitud de informaci\u00f3n accesible<\/strong>. En su solicitud, debe especificar de manera clara los hechos, razones y la petici\u00f3n que permita constatar que se trata de una solicitud razonable y leg\u00edtima.<\/p>\n\n\n\n<p><strong>Contenido opcional<\/strong><\/p>\n\n\n\n<p>Este portal est\u00e1 dise\u00f1ado para permitir que los usuarios puedan modificar el tama\u00f1o del texto, el color y el fondo de la p\u00e1gina mediante las opciones est\u00e1ndar de configuraci\u00f3n de los navegadores. Aqu\u00ed te dejamos algunas instrucciones para hacerlo:<\/p>\n\n\n\n<ul class=\"wp-block-list\">\n<li><strong>Internet Explorer, Mozilla Firefox y otros navegadores basados en Gecko<\/strong>:<br>Ver > Tama\u00f1o del texto<\/li>\n\n\n\n<li><strong>Opera<\/strong>:<br>Ver > Zoom<\/li>\n\n\n\n<li><strong>Safari<\/strong>:<br>Ver > Hacer el texto m\u00e1s grande<\/li>\n\n\n\n<li><strong>Google Chrome<\/strong>:<br>Controla la p\u00e1gina actual > Tama\u00f1o del texto<\/li>\n<\/ul>\n\n\n\n<p><strong>Atajos de teclado para cambiar el tama\u00f1o del texto:<\/strong><\/p>\n\n\n\n<ul class=\"wp-block-list\">\n<li><strong>Ctrl + +<\/strong>\u00a0para aumentar el tama\u00f1o del texto.<\/li>\n\n\n\n<li><strong>Ctrl + \u2013<\/strong>\u00a0para disminuir el tama\u00f1o del texto.<\/li>\n\n\n\n<li><strong>Ctrl + 0<\/strong>\u00a0restaura el tama\u00f1o original del texto.<\/li>\n<\/ul>\n\n\n\n<p>Para modificar el tama\u00f1o de todo el contenido en la p\u00e1gina, puedes utilizar los controles mencionados. Si deseas&nbsp;<strong>anular la hoja de estilos<\/strong>o modificar el color del texto, puedes consultar la p\u00e1gina de&nbsp;<strong>W3C: How to Change Text Size or Colors<\/strong>, que se encuentra tambi\u00e9n traducida al espa\u00f1ol en&nbsp;<strong>\u00bfC\u00f3mo cambiar el tama\u00f1o del texto o colores?<\/strong>.<\/p>\n\n\n\n<p><strong>Nuestro compromiso continuo<\/strong><\/p>\n\n\n\n<p>La accesibilidad es un proceso continuo, y estamos comprometidos a mejorar de manera continua la accesibilidad de nuestro sitio web para que todos los usuarios puedan disfrutar de la misma experiencia, sin barreras.<\/p>\n\n\n\n<p>Gracias por visitar\u00a0*********************<\/p>\n\n\n\n<figure class=\"wp-block-image\"><img decoding=\"async\" src=\"https:\/\/elisagratias.com\/propuesta\/wp-content\/uploads\/2025\/07\/banner-kit-digital-2048x191-1.png\" alt=\"\" title=\"banner-kit-digital-2048x191\"\/><\/figure>\n\n\n\n<p><\/p>\n\n\n\n<p><\/p>\n","protected":false},"excerpt":{"rendered":"<p>Declaraci\u00f3n de Accesibilidad&nbsp; Compromiso con la accesibilidad web En\u00a0********************\u00a0nos comprometemos a hacer accesible nuestro sitio web, en conformidad con la legislaci\u00f3n vigente del\u00a0Kit Digital. Trabajamos continuamente para asegurar que nuestro sitio web sea accesible para todas las personas, incluidas aquellas con discapacidades. Nuestro objetivo es proporcionar una experiencia digital inclusiva,<\/p>\n","protected":false},"author":1,"featured_media":0,"parent":0,"menu_order":0,"comment_status":"closed","ping_status":"closed","template":"","meta":{"_monsterinsights_skip_tracking":false,"_monsterinsights_sitenote_active":false,"_monsterinsights_sitenote_note":"","_monsterinsights_sitenote_category":0,"footnotes":""},"class_list":["post-4037","page","type-page","status-publish","hentry"],"_links":{"self":[{"href":"https:\/\/elisagratias.com\/es\/wp-json\/wp\/v2\/pages\/4037","targetHints":{"allow":["GET"]}}],"collection":[{"href":"https:\/\/elisagratias.com\/es\/wp-json\/wp\/v2\/pages"}],"about":[{"href":"https:\/\/elisagratias.com\/es\/wp-json\/wp\/v2\/types\/page"}],"author":[{"embeddable":true,"href":"https:\/\/elisagratias.com\/es\/wp-json\/wp\/v2\/users\/1"}],"replies":[{"embeddable":true,"href":"https:\/\/elisagratias.com\/es\/wp-json\/wp\/v2\/comments?post=4037"}],"version-history":[{"count":4,"href":"https:\/\/elisagratias.com\/es\/wp-json\/wp\/v2\/pages\/4037\/revisions"}],"predecessor-version":[{"id":4060,"href":"https:\/\/elisagratias.com\/es\/wp-json\/wp\/v2\/pages\/4037\/revisions\/4060"}],"wp:attachment":[{"href":"https:\/\/elisagratias.com\/es\/wp-json\/wp\/v2\/media?parent=4037"}],"curies":[{"name":"wp","href":"https:\/\/api.w.org\/{rel}","templated":true}]}}