{"id":1091,"date":"2020-06-13T09:46:25","date_gmt":"2020-06-13T09:46:25","guid":{"rendered":"http:\/\/ninzio.com\/octavian\/?page_id=1091"},"modified":"2026-01-21T12:04:59","modified_gmt":"2026-01-21T12:04:59","slug":"home-11","status":"publish","type":"page","link":"https:\/\/elisagratias.com\/es\/","title":{"rendered":"Elisa Gratias"},"content":{"rendered":"<div class=\"wpb-content-wrapper\"><p>[vc_row][vc_column]\n\t\t\t\t<p class=\"rs-p-wp-fix\"><\/p>\n\t\t\t\t<sr7-module data-alias=\"slider-11\" data-id=\"1\" id=\"SR7_1_1\" class=\"rs-ov-hidden\" data-version=\"6.7.29\">\n\t\t\t\t\t<sr7-adjuster><\/sr7-adjuster>\n\t\t\t\t\t<sr7-content>\n\t\t\t\t\t\t<sr7-slide id=\"SR7_1_1-1\" data-key=\"1\">\n\t\t\t\t\t\t\t<sr7-bg id=\"SR7_1_1-1-5\" class=\"sr7-layer\"><noscript><img decoding=\"async\" src=\"https:\/\/elisagratias.com\/wp-content\/uploads\/2025\/08\/elisa-gratias-artist-writer.jpg\" alt=\"\" title=\"elisa-gratias-artist-writer\"><\/noscript><\/sr7-bg>\n\t\t\t\t\t\t\t<sr7-txt id=\"SR7_1_1-1-4\" class=\"sr7-layer\"><\/sr7-txt>\n\t\t\t\t\t\t<\/sr7-slide>\n\t\t\t\t\t\t<sr7-slide id=\"SR7_1_1-2\" data-key=\"2\">\n\t\t\t\t\t\t<\/sr7-slide>\n\t\t\t\t\t<\/sr7-content>\n\t\t\t\t\t<image_lists style=\"display:none\">\n\t\t\t\t\t\t<img data-src=\"\/\/elisagratias.com\/wp-content\/uploads\/2025\/08\/elisa-gratias-artist-writer.jpg\" data-libid=\"4095\" data-lib=\"medialibrary\" title=\"elisa-gratias-artist-writer\" width=\"0\" height=\"0\" data-dbsrc=\"Ly9lbGlzYWdyYXRpYXMuY29tL3dwLWNvbnRlbnQvdXBsb2Fkcy8yMDI1LzA4L2VsaXNhLWdyYXRpYXMtYXJ0aXN0LXdyaXRlci5qcGc=\"\/>\n\t\t\t\t\t<\/image_lists>\n\t\t\t\t<\/sr7-module>\n\t\t\t\t<script>\n\t\t\t\t\tSR7.PMH ??={}; SR7.PMH[\"SR7_1_1\"] = {cn:100,state:false,fn: function() { if (_tpt!==undefined && _tpt.prepareModuleHeight !== undefined) {  _tpt.prepareModuleHeight({id:\"SR7_1_1\",el:[860,860,760,760,700],type:'standard',shdw:'0',gh:[860,860,760,760,700],gw:[1200,1200,1024,778,480],vpt:['-100px&#039;,&#039;-100px&#039;,&#039;-100px&#039;,&#039;-100px&#039;,&#039;-100px'],size:{fullWidth:true, fullHeight:false},mh:'0',onh:0,onw:0,bg:{color:'{\"orig\":\"transparent\",\"type\":\"solid\",\"string\":\"transparent\"}'}});   SR7.PMH[\"SR7_1_1\"].state=true;} else if(SR7.PMH[\"SR7_1_1\"].cn-->0)\tsetTimeout( SR7.PMH[\"SR7_1_1\"].fn,19);}};SR7.PMH[\"SR7_1_1\" ].fn();\n\t\t\t\t<\/script>\n[\/vc_column][\/vc_row][vc_section full_width=\u00bbstretch_row\u00bb css=\u00bb.vc_custom_1752156397336{background-color: #F1F1EBCC !important;}\u00bb][vc_row][vc_column width=\u00bb1\/6&#8243;][\/vc_column][vc_column width=\u00bb2\/3&#8243;]<div class=\"deeper-spacer clearfix\" data-config='{\"desktop\":100,\"mobile\":80,\"smobile\":40}'><\/div>[vc_column_text css=\u00bb\u00bb]Elisa Gratias naci\u00f3 en la RDA en 1983. Estudi\u00f3 traducci\u00f3n y periodismo. En 2005 emigr\u00f3 a Francia. En 2014 se mud\u00f3 a Mallorca y desde entonces trabaja all\u00ed como escritora, traductora y artista independiente. Sus principales preocupaciones son la paz interior y exterior, as\u00ed como el amor por la especie humana y su conexi\u00f3n con la Tierra. Es por ello que se compromete en su vida privada, en diversos proyectos y en su arte.[\/vc_column_text]<div class=\"deeper-spacer clearfix\" data-config='{\"desktop\":100,\"mobile\":80,\"smobile\":40}'><\/div>[\/vc_column][vc_column width=\u00bb1\/6&#8243;][\/vc_column][\/vc_row][\/vc_section][vc_row][vc_column]<div class=\"deeper-spacer clearfix\" data-config='{\"desktop\":150,\"mobile\":150,\"smobile\":100}'><\/div><div class=\"deeper-special-text style-5 align-left \" style=\"\"  data-inviewport=\"yes\">\r\n\t\t\t\t\t\t<div class=\"inner\">\r\n\t\t\t\t\t\t\t<h2 class=\"text \" style=\"\"><span>Pinturas<\/span>\n<\/h2>\r\n\t\t\t\t\t\t\t<span class=\"line \" style=\"width:140px;height:3px;\"><\/span>\r\n\t\t\t\t\t\t<\/div>\r\n\t\t\t\t\t<\/div><div class=\"deeper-spacer clearfix\" data-config='{\"desktop\":40,\"mobile\":40,\"smobile\":40}'><\/div>[\/vc_column][\/vc_row][vc_row][vc_column][vc_masonry_grid post_type=\u00bbproject\u00bb max_items=\u00bb3&#8243; style=\u00bblazy\u00bb items_per_page=\u00bb3&#8243; item=\u00bbmasonryGrid_BlurOut\u00bb initial_loading_animation=\u00bbfadeIn\u00bb css=\u00bb\u00bb grid_id=\u00bbvc_gid:1768997076262-6a11726d-7664-1&#8243; taxonomies=\u00bb65&#8243;][vc_empty_space]<div class=\"url-wrap  align-center\" >\r\n\t\t\t\t\t\t<a class=\"deeper-button button-accent medium\" style=\"\" href=https:\/\/elisagratias.com\/es\/pinturas\/ title=&quot;Pinturas&quot; >Ver M\u00e1s<span class=\"hover-effect\"><\/span><\/a>\r\n\t\t\t\t\t<\/div>[\/vc_column][\/vc_row][vc_section full_width=\u00bbstretch_row\u00bb css=\u00bb.vc_custom_1754319424456{background-color: #FFFFFF !important;}\u00bb][vc_row][vc_column]<div class=\"deeper-spacer clearfix\" data-config='{\"desktop\":120,\"mobile\":80,\"smobile\":80}'><\/div><div class=\"deeper-special-text style-5 align-left \" style=\"\"  data-inviewport=\"yes\">\r\n\t\t\t\t\t\t<div class=\"inner\">\r\n\t\t\t\t\t\t\t<h2 class=\"text \" style=\"\"><span>\u00daltimos Textos<\/span>\n<\/h2>\r\n\t\t\t\t\t\t\t<span class=\"line \" style=\"width:240px;height:3px;\"><\/span>\r\n\t\t\t\t\t\t<\/div>\r\n\t\t\t\t\t<\/div><div class=\"deeper-spacer clearfix\" data-config='{\"desktop\":40,\"mobile\":40,\"smobile\":40}'><\/div>[\/vc_column][\/vc_row][vc_row canvas=\u00bb%5B%7B%22shape%22%3A%22shape-1%22%2C%22image_effect%22%3A%22style-1%22%2C%22smoothness%22%3A%2230%22%7D%5D\u00bb css=\u00bb.vc_custom_1754319433052{background-color: #FFFFFF !important;}\u00bb][vc_column][vc_basic_grid post_type=\u00bbpost\u00bb max_items=\u00bb3&#8243; style=\u00bblazy\u00bb items_per_page=\u00bb3&#8243; item=\u00bbmediaGrid_BlurWithContentBlock\u00bb css=\u00bb\u00bb grid_id=\u00bbvc_gid:1768997076262-1a4bcefd-0f3a-4&#8243; taxonomies=\u00bb64&#8243;][vc_empty_space]<div class=\"url-wrap  align-center\" >\r\n\t\t\t\t\t\t<a class=\"deeper-button button-accent medium\" style=\"\" href=https:\/\/elisagratias.com\/es\/textos\/ title=&quot;Pinturas&quot; >Leer M\u00e1s<span class=\"hover-effect\"><\/span><\/a>\r\n\t\t\t\t\t<\/div><div class=\"deeper-spacer clearfix\" data-config='{\"desktop\":200,\"mobile\":150,\"smobile\":100}'><\/div>[\/vc_column][\/vc_row][\/vc_section][vc_row][vc_column]<div class=\"deeper-spacer clearfix\" data-config='{\"desktop\":40,\"mobile\":40,\"smobile\":40}'><\/div>[vc_single_image image=\u00bb4010&#8243; img_size=\u00bbfull\u00bb alignment=\u00bbcenter\u00bb css=\u00bb\u00bb]<div class=\"deeper-spacer clearfix\" data-config='{\"desktop\":100,\"mobile\":70,\"smobile\":70}'><\/div>[\/vc_column][\/vc_row]<\/p>\n<\/div>","protected":false},"excerpt":{"rendered":"<p>[vc_row][vc_column][\/vc_column][\/vc_row][vc_section full_width=\u00bbstretch_row\u00bb css=\u00bb.vc_custom_1752156397336{background-color: #F1F1EBCC !important;}\u00bb][vc_row][vc_column width=\u00bb1\/6&#8243;][\/vc_column][vc_column width=\u00bb2\/3&#8243;][vc_column_text css=\u00bb\u00bb]Elisa Gratias naci\u00f3 en la RDA en 1983. Estudi\u00f3 traducci\u00f3n y periodismo. En 2005 emigr\u00f3 a Francia. En 2014 se mud\u00f3 a Mallorca y desde entonces trabaja all\u00ed como escritora, traductora y artista independiente. Sus principales preocupaciones son la paz interior y exterior,<\/p>\n","protected":false},"author":1,"featured_media":0,"parent":0,"menu_order":0,"comment_status":"closed","ping_status":"closed","template":"","meta":{"_monsterinsights_skip_tracking":false,"_monsterinsights_sitenote_active":false,"_monsterinsights_sitenote_note":"","_monsterinsights_sitenote_category":0,"footnotes":""},"class_list":["post-1091","page","type-page","status-publish","hentry"],"_links":{"self":[{"href":"https:\/\/elisagratias.com\/es\/wp-json\/wp\/v2\/pages\/1091","targetHints":{"allow":["GET"]}}],"collection":[{"href":"https:\/\/elisagratias.com\/es\/wp-json\/wp\/v2\/pages"}],"about":[{"href":"https:\/\/elisagratias.com\/es\/wp-json\/wp\/v2\/types\/page"}],"author":[{"embeddable":true,"href":"https:\/\/elisagratias.com\/es\/wp-json\/wp\/v2\/users\/1"}],"replies":[{"embeddable":true,"href":"https:\/\/elisagratias.com\/es\/wp-json\/wp\/v2\/comments?post=1091"}],"version-history":[{"count":89,"href":"https:\/\/elisagratias.com\/es\/wp-json\/wp\/v2\/pages\/1091\/revisions"}],"predecessor-version":[{"id":5864,"href":"https:\/\/elisagratias.com\/es\/wp-json\/wp\/v2\/pages\/1091\/revisions\/5864"}],"wp:attachment":[{"href":"https:\/\/elisagratias.com\/es\/wp-json\/wp\/v2\/media?parent=1091"}],"curies":[{"name":"wp","href":"https:\/\/api.w.org\/{rel}","templated":true}]}}